{"id":2,"date":"2020-07-27T08:10:55","date_gmt":"2020-07-27T02:40:55","guid":{"rendered":"https:\/\/www.amrita.in\/lalita\/?page_id=2"},"modified":"2020-07-29T16:14:54","modified_gmt":"2020-07-29T10:44:54","slug":"about","status":"publish","type":"page","link":"https:\/\/www.amrita.in\/lalita\/","title":{"rendered":""},"content":{"rendered":"\n<p>Swami Sankaramritananda Puri is a monastic disciple of Amma, Satguru Sri Mata Amritanandamayi Devi. A Sanskrit scholar and an Ayurveda doctor by profession, Swami heads the School of Ayurveda of the Amrita University.<\/p>\n\n\n\n<figure class=\"wp-block-image size-large\"><img loading=\"lazy\" decoding=\"async\" width=\"600\" height=\"338\" src=\"https:\/\/www.amrita.in\/lalita\/files\/2020\/07\/shankara.jpg\" alt=\"\" class=\"wp-image-10\" srcset=\"https:\/\/www.amrita.in\/lalita\/files\/2020\/07\/shankara.jpg 600w, https:\/\/www.amrita.in\/lalita\/files\/2020\/07\/shankara-300x169.jpg 300w\" sizes=\"auto, (max-width: 600px) 100vw, 600px\" \/><\/figure>\n\n\n\n<p>He is explaining the mantras and meanings is a very simple lucid conveying the profound wisdom of this land. These episodes have been aired on AmritaTV long back. We are presenting them for the devotees and seekers to enjoy and realise. <br><a href=\"https:\/\/www.amritapuri.org\/activity\/cultural\/archana\" target=\"_blank\" aria-label=\"undefined (opens in a new tab)\" rel=\"noreferrer noopener\">Read what Amma says about Lalita Sahasra Nama.<\/a><\/p>\n\n\n<ul class=\"wp-block-latest-posts__list is-grid columns-4 alignwide wp-block-latest-posts\"><li><a class=\"wp-block-latest-posts__post-title\" href=\"https:\/\/www.amrita.in\/lalita\/150\/%e0%b4%b9%e0%b5%8d%e0%b4%b0%e0%b5%80%e0%b4%82-%e0%b4%ac%e0%b5%80%e0%b4%9c%e0%b4%be%e0%b4%95%e0%b5%8d%e0%b4%b7%e0%b4%b0%e0%b4%82-%e0%b4%b2%e0%b4%b3%e0%b4%bf%e0%b4%a4%e0%b4%be-%e0%b4%a4%e0%b5%8d-8\/\">\u0d39\u0d4d\u0d30\u0d40\u0d02 &#8211; \u0d2c\u0d40\u0d1c\u0d3e\u0d15\u0d4d\u0d37\u0d30\u0d02 (\u0d32\u0d33\u0d3f\u0d24\u0d3e  \u0d24\u0d4d\u0d30\u0d3f\u0d36\u0d24\u0d3f 292-294) Hr\u012bm &#8211; The Sacred Syllable (Lalita Trishati)<\/a><div class=\"wp-block-latest-posts__post-excerpt\">There are sixty mantras in Lalitha Trishathi that began with the word Hrim.The next mantra is Om hr\u012b\u1e41k\u0101ra b\u014ddhit\u0101yai nama\u1e25(\u2026 who is Hrim and Hrim is She.) It means she who is known by the sound Hrim. We cannot separate word and meaning. When we hear a word, we right away relate it to the\u2026 <a class=\"wp-block-latest-posts__read-more\" href=\"https:\/\/www.amrita.in\/lalita\/150\/%e0%b4%b9%e0%b5%8d%e0%b4%b0%e0%b5%80%e0%b4%82-%e0%b4%ac%e0%b5%80%e0%b4%9c%e0%b4%be%e0%b4%95%e0%b5%8d%e0%b4%b7%e0%b4%b0%e0%b4%82-%e0%b4%b2%e0%b4%b3%e0%b4%bf%e0%b4%a4%e0%b4%be-%e0%b4%a4%e0%b5%8d-8\/\" rel=\"noopener noreferrer\">Read more<span class=\"screen-reader-text\">: \u0d39\u0d4d\u0d30\u0d40\u0d02 &#8211; \u0d2c\u0d40\u0d1c\u0d3e\u0d15\u0d4d\u0d37\u0d30\u0d02 (\u0d32\u0d33\u0d3f\u0d24\u0d3e  \u0d24\u0d4d\u0d30\u0d3f\u0d36\u0d24\u0d3f 292-294) Hr\u012bm &#8211; The Sacred Syllable (Lalita Trishati)<\/span><\/a><\/div><\/li>\n<li><a class=\"wp-block-latest-posts__post-title\" href=\"https:\/\/www.amrita.in\/lalita\/149\/%e0%b4%b9%e0%b5%8d%e0%b4%b0%e0%b5%80%e0%b4%82-%e0%b4%ac%e0%b5%80%e0%b4%9c%e0%b4%be%e0%b4%95%e0%b5%8d%e0%b4%b7%e0%b4%b0%e0%b4%82-%e0%b4%b2%e0%b4%b3%e0%b4%bf%e0%b4%a4%e0%b4%be-%e0%b4%a4%e0%b5%8d-7\/\">\u0d39\u0d4d\u0d30\u0d40\u0d02 &#8211; \u0d2c\u0d40\u0d1c\u0d3e\u0d15\u0d4d\u0d37\u0d30\u0d02 (\u0d32\u0d33\u0d3f\u0d24\u0d3e  \u0d24\u0d4d\u0d30\u0d3f\u0d36\u0d24\u0d3f 289-290) Hr\u012bm &#8211; The Sacred Syllable (Lalita Trishati)<\/a><div class=\"wp-block-latest-posts__post-excerpt\">Om hr\u012b\u1e41k\u0101ra k\u014d\u015b\u0101silat\u0101yai nama\u1e25 is the next mantra(\u2026 who is the shining sword in the sheath called Hrim) Om hr\u012b\u1e41k\u0101r\u0101sth\u0101na nar-ttakyai nama\u1e25 is the following mantra(\u2026 who is the dancer on the stage called Hrim) Usually, a sword kills bad people, our enemies, and thus protects the good and our dear ones. This mantra means\u2026 <a class=\"wp-block-latest-posts__read-more\" href=\"https:\/\/www.amrita.in\/lalita\/149\/%e0%b4%b9%e0%b5%8d%e0%b4%b0%e0%b5%80%e0%b4%82-%e0%b4%ac%e0%b5%80%e0%b4%9c%e0%b4%be%e0%b4%95%e0%b5%8d%e0%b4%b7%e0%b4%b0%e0%b4%82-%e0%b4%b2%e0%b4%b3%e0%b4%bf%e0%b4%a4%e0%b4%be-%e0%b4%a4%e0%b5%8d-7\/\" rel=\"noopener noreferrer\">Read more<span class=\"screen-reader-text\">: \u0d39\u0d4d\u0d30\u0d40\u0d02 &#8211; \u0d2c\u0d40\u0d1c\u0d3e\u0d15\u0d4d\u0d37\u0d30\u0d02 (\u0d32\u0d33\u0d3f\u0d24\u0d3e  \u0d24\u0d4d\u0d30\u0d3f\u0d36\u0d24\u0d3f 289-290) Hr\u012bm &#8211; The Sacred Syllable (Lalita Trishati)<\/span><\/a><\/div><\/li>\n<li><a class=\"wp-block-latest-posts__post-title\" href=\"https:\/\/www.amrita.in\/lalita\/145\/%e0%b4%b9%e0%b5%8d%e0%b4%b0%e0%b5%80%e0%b4%82-%e0%b4%ac%e0%b5%80%e0%b4%9c%e0%b4%be%e0%b4%95%e0%b5%8d%e0%b4%b7%e0%b4%b0%e0%b4%82-%e0%b4%b2%e0%b4%b3%e0%b4%bf%e0%b4%a4%e0%b4%be-%e0%b4%a4%e0%b5%8d-6\/\">\u0d39\u0d4d\u0d30\u0d40\u0d02 &#8211; \u0d2c\u0d40\u0d1c\u0d3e\u0d15\u0d4d\u0d37\u0d30\u0d02 (\u0d32\u0d33\u0d3f\u0d24\u0d3e  \u0d24\u0d4d\u0d30\u0d3f\u0d36\u0d24\u0d3f 283-286) Hr\u012bm &#8211; The Sacred Syllable (Lalita Trishati)<\/a><div class=\"wp-block-latest-posts__post-excerpt\">The next mantra is\u201cOm hr\u012b\u1e41k\u0101ra dugdh\u0101bdhi sudh\u0101yai nama\u1e25\u201d(Devi who is the ambrosial nectar in the ocean of milk called Hrim) Dugdham means milk. Abdhi means ocean. Sudha means \u2013 Ambrosia. Devi is the ambrosial nectar in the ocean of milk. We all know the popular legend of the churning of the ocean of milk. There\u2026 <a class=\"wp-block-latest-posts__read-more\" href=\"https:\/\/www.amrita.in\/lalita\/145\/%e0%b4%b9%e0%b5%8d%e0%b4%b0%e0%b5%80%e0%b4%82-%e0%b4%ac%e0%b5%80%e0%b4%9c%e0%b4%be%e0%b4%95%e0%b5%8d%e0%b4%b7%e0%b4%b0%e0%b4%82-%e0%b4%b2%e0%b4%b3%e0%b4%bf%e0%b4%a4%e0%b4%be-%e0%b4%a4%e0%b5%8d-6\/\" rel=\"noopener noreferrer\">Read more<span class=\"screen-reader-text\">: \u0d39\u0d4d\u0d30\u0d40\u0d02 &#8211; \u0d2c\u0d40\u0d1c\u0d3e\u0d15\u0d4d\u0d37\u0d30\u0d02 (\u0d32\u0d33\u0d3f\u0d24\u0d3e  \u0d24\u0d4d\u0d30\u0d3f\u0d36\u0d24\u0d3f 283-286) Hr\u012bm &#8211; The Sacred Syllable (Lalita Trishati)<\/span><\/a><\/div><\/li>\n<li><a class=\"wp-block-latest-posts__post-title\" href=\"https:\/\/www.amrita.in\/lalita\/143\/%e0%b4%b9%e0%b5%8d%e0%b4%b0%e0%b5%80%e0%b4%82-%e0%b4%ac%e0%b5%80%e0%b4%9c%e0%b4%be%e0%b4%95%e0%b5%8d%e0%b4%b7%e0%b4%b0%e0%b4%82-%e0%b4%b2%e0%b4%b3%e0%b4%bf%e0%b4%a4%e0%b4%be-%e0%b4%a4%e0%b5%8d-5\/\">\u0d39\u0d4d\u0d30\u0d40\u0d02 &#8211; \u0d2c\u0d40\u0d1c\u0d3e\u0d15\u0d4d\u0d37\u0d30\u0d02 (\u0d32\u0d33\u0d3f\u0d24\u0d3e  \u0d24\u0d4d\u0d30\u0d3f\u0d36\u0d24\u0d3f 219,220,281,282) Hr\u012bm &#8211; The Sacred Syllable (Lalita Trishati)<\/a><div class=\"wp-block-latest-posts__post-excerpt\">We are listening to the commentary on the mantra \u201cOm hr\u012bmk\u0101ryai nama\u1e25\u201d in the Lalitha Sahasranama. This mantra is explained in greater detail, as sixty mantras, in the Lalitha Trishathi. We are looking into the interpretation of those sixty mantras. The Lalitha Trishati is commonly chanted all over Kerala. The next two mantras areOm hr\u012b\u1e41k\u0101rasuman\u014dm\u0101dhvyai\u2026 <a class=\"wp-block-latest-posts__read-more\" href=\"https:\/\/www.amrita.in\/lalita\/143\/%e0%b4%b9%e0%b5%8d%e0%b4%b0%e0%b5%80%e0%b4%82-%e0%b4%ac%e0%b5%80%e0%b4%9c%e0%b4%be%e0%b4%95%e0%b5%8d%e0%b4%b7%e0%b4%b0%e0%b4%82-%e0%b4%b2%e0%b4%b3%e0%b4%bf%e0%b4%a4%e0%b4%be-%e0%b4%a4%e0%b5%8d-5\/\" rel=\"noopener noreferrer\">Read more<span class=\"screen-reader-text\">: \u0d39\u0d4d\u0d30\u0d40\u0d02 &#8211; \u0d2c\u0d40\u0d1c\u0d3e\u0d15\u0d4d\u0d37\u0d30\u0d02 (\u0d32\u0d33\u0d3f\u0d24\u0d3e  \u0d24\u0d4d\u0d30\u0d3f\u0d36\u0d24\u0d3f 219,220,281,282) Hr\u012bm &#8211; The Sacred Syllable (Lalita Trishati)<\/span><\/a><\/div><\/li>\n<li><a class=\"wp-block-latest-posts__post-title\" href=\"https:\/\/www.amrita.in\/lalita\/140\/%e0%b4%b9%e0%b5%8d%e0%b4%b0%e0%b5%80%e0%b4%82-%e0%b4%ac%e0%b5%80%e0%b4%9c%e0%b4%be%e0%b4%95%e0%b5%8d%e0%b4%b7%e0%b4%b0%e0%b4%82-%e0%b4%b2%e0%b4%b3%e0%b4%bf%e0%b4%a4%e0%b4%be-%e0%b4%a4%e0%b5%8d-4\/\">\u0d39\u0d4d\u0d30\u0d40\u0d02 &#8211; \u0d2c\u0d40\u0d1c\u0d3e\u0d15\u0d4d\u0d37\u0d30\u0d02 (\u0d32\u0d33\u0d3f\u0d24\u0d3e  \u0d24\u0d4d\u0d30\u0d3f\u0d36\u0d24\u0d3f 217 &#8211; 218) Hr\u012bm &#8211; The Sacred Syllable (Lalita Trishati)<\/a><div class=\"wp-block-latest-posts__post-excerpt\">A possible explanation for the mantra hr\u012b\u1e41k\u0101rakandar\u0101 si\u1e41hi can be as follows, There is a cave on top of a mountain. Devi is the lioness whose den is the cave.<\/div><\/li>\n<li><a class=\"wp-block-latest-posts__post-title\" href=\"https:\/\/www.amrita.in\/lalita\/137\/%e0%b4%b9%e0%b5%8d%e0%b4%b0%e0%b5%80%e0%b4%82-%e0%b4%ac%e0%b5%80%e0%b4%9c%e0%b4%be%e0%b4%95%e0%b5%8d%e0%b4%b7%e0%b4%b0%e0%b4%82-%e0%b4%b2%e0%b4%b3%e0%b4%bf%e0%b4%a4%e0%b4%be-%e0%b4%a4%e0%b5%8d-3\/\">\u0d39\u0d4d\u0d30\u0d40\u0d02 &#8211; \u0d2c\u0d40\u0d1c\u0d3e\u0d15\u0d4d\u0d37\u0d30\u0d02 (\u0d32\u0d33\u0d3f\u0d24\u0d3e  \u0d24\u0d4d\u0d30\u0d3f\u0d36\u0d24\u0d3f 209 &#8211; 214) Hr\u012bm &#8211; The Sacred Syllable (209 to 214 in Lalita Trishati.)<\/a><div class=\"wp-block-latest-posts__post-excerpt\">We are listening to the commentary of the mantra\nOm hr\u012bmk\u0101ryai nama\u1e25 (who is in the form of the syllable hrim.) in the Lalita Sahasranama.<\/div><\/li>\n<li><a class=\"wp-block-latest-posts__post-title\" href=\"https:\/\/www.amrita.in\/lalita\/134\/%e0%b4%b9%e0%b5%8d%e0%b4%b0%e0%b5%80%e0%b4%82-%e0%b4%ac%e0%b5%80%e0%b4%9c%e0%b4%be%e0%b4%95%e0%b5%8d%e0%b4%b7%e0%b4%b0%e0%b4%82-%e0%b4%b2%e0%b4%b3%e0%b4%bf%e0%b4%a4%e0%b4%be-%e0%b4%a4%e0%b5%8d-2\/\">\u0d39\u0d4d\u0d30\u0d40\u0d02 &#8211; \u0d2c\u0d40\u0d1c\u0d3e\u0d15\u0d4d\u0d37\u0d30\u0d02 (\u0d32\u0d33\u0d3f\u0d24\u0d3e  \u0d24\u0d4d\u0d30\u0d3f\u0d36\u0d24\u0d3f 205 &#8211; 208) Hr\u012bm &#8211; The Sacred Syllable (205 to 208 in Lalita Trishati.)<\/a><div class=\"wp-block-latest-posts__post-excerpt\">We were discussing the connected mantras in Lalita Trisati related to hr\u012b\u1e45 k\u0101ryai nama\u1e25<\/div><\/li>\n<li><a class=\"wp-block-latest-posts__post-title\" href=\"https:\/\/www.amrita.in\/lalita\/130\/%e0%b4%b9%e0%b5%8d%e0%b4%b0%e0%b5%80%e0%b4%82-%e0%b4%ac%e0%b5%80%e0%b4%9c%e0%b4%be%e0%b4%95%e0%b5%8d%e0%b4%b7%e0%b4%b0%e0%b4%82-%e0%b4%b2%e0%b4%b3%e0%b4%bf%e0%b4%a4%e0%b4%be-%e0%b4%a4%e0%b5%8d\/\">\u0d39\u0d4d\u0d30\u0d40\u0d02 &#8211; \u0d2c\u0d40\u0d1c\u0d3e\u0d15\u0d4d\u0d37\u0d30\u0d02 (\u0d32\u0d33\u0d3f\u0d24\u0d3e  \u0d24\u0d4d\u0d30\u0d3f\u0d36\u0d24\u0d3f 201- 204) Hr\u012bm &#8211; The Sacred Syllable (201 to 204 in Lalita Trishati.)<\/a><div class=\"wp-block-latest-posts__post-excerpt\">In Lalita Trisati, the syllable hrim is used in 60 different ways. Now we will see the mantras 200-220 from Lalita Trisati.<\/div><\/li>\n<li><a class=\"wp-block-latest-posts__post-title\" href=\"https:\/\/www.amrita.in\/lalita\/127\/%e0%b4%b9%e0%b5%8d%e0%b4%b0%e0%b5%80%e0%b4%82-%e0%b4%8e%e0%b4%a8%e0%b5%8d%e0%b4%a8-%e0%b4%ac%e0%b5%80%e0%b4%9c%e0%b4%be%e0%b4%95%e0%b5%8d%e0%b4%b7%e0%b4%b0%e0%b4%82-%e0%b4%b2%e0%b4%b3%e0%b4%bf\/\">\u0d39\u0d4d\u0d30\u0d40\u0d02 \u0d0e\u0d28\u0d4d\u0d28 \u0d2c\u0d40\u0d1c\u0d3e\u0d15\u0d4d\u0d37\u0d30\u0d02 (\u0d32\u0d33\u0d3f\u0d24\u0d3e  \u0d24\u0d4d\u0d30\u0d3f\u0d36\u0d24\u0d3f 80- 100) The Sacred Syllable Hr\u012bm (80 to 100 in Lalita Trishati.)<\/a><div class=\"wp-block-latest-posts__post-excerpt\">Hrim is the 5th seed syllable of the Pancha Dashakshari mantra (mantra with 15 syllables).<\/div><\/li>\n<li><a class=\"wp-block-latest-posts__post-title\" href=\"https:\/\/www.amrita.in\/lalita\/123\/%e0%b4%b9%e0%b5%8d%e0%b4%b0%e0%b5%80%e0%b4%82-%e0%b4%8e%e0%b4%a8%e0%b5%8d%e0%b4%a8-%e0%b4%ac%e0%b5%80%e0%b4%9c%e0%b4%be%e0%b4%95%e0%b5%8d%e0%b4%b7%e0%b4%b0%e0%b4%82-the-sacred-syllable-hrim\/\">\u0d39\u0d4d\u0d30\u0d40\u0d02 \u0d0e\u0d28\u0d4d\u0d28 \u0d2c\u0d40\u0d1c\u0d3e\u0d15\u0d4d\u0d37\u0d30\u0d02  &#8211; The Sacred syllable Hr\u012bm<\/a><div class=\"wp-block-latest-posts__post-excerpt\">For a spiritual practitioner material possessions are not important. His wealth is his mantra.<\/div><\/li>\n<li><a class=\"wp-block-latest-posts__post-title\" href=\"https:\/\/www.amrita.in\/lalita\/119\/%e0%b4%a8%e0%b4%be%e0%b4%a6%e0%b4%b0%e0%b5%82%e0%b4%aa%e0%b4%be-%e0%b4%a8%e0%b4%be%e0%b4%ae%e0%b4%b0%e0%b5%82%e0%b4%aa-%e0%b4%b5%e0%b4%bf%e0%b4%b5%e0%b5%bc%e0%b4%9c%e0%b5%8d%e0%b4%9c%e0%b4%bf%e0%b4%a4\/\">\u0d28\u0d3e\u0d26\u0d30\u0d42\u0d2a\u0d3e \u0d28\u0d3e\u0d2e\u0d30\u0d42\u0d2a \u0d35\u0d3f\u0d35\u0d7c\u0d1c\u0d4d\u0d1c\u0d3f\u0d24\u0d3e &#8211; Devi as Form of Sound and Formless<\/a><div class=\"wp-block-latest-posts__post-excerpt\">The scriptural sciences say that there are five aspects to the Universe. They are Asthi, Bhaathi, Priyam, Naamam, Roopam.<\/div><\/li>\n<li><a class=\"wp-block-latest-posts__post-title\" href=\"https:\/\/www.amrita.in\/lalita\/113\/%e0%b4%a8%e0%b4%be%e0%b4%a6%e0%b4%b0%e0%b5%82%e0%b4%aa%e0%b4%af%e0%b4%be%e0%b4%af-%e0%b4%a6%e0%b5%87%e0%b4%b5%e0%b4%bf-the-origin-of-the-sound-is-devi\/\">\u0d28\u0d3e\u0d26\u0d30\u0d42\u0d2a\u0d2f\u0d3e\u0d2f \u0d26\u0d47\u0d35\u0d3f &#8211; The origin of the sound is Devi<\/a><div class=\"wp-block-latest-posts__post-excerpt\">The four forms of sound are classified as par\u0101, pa\u015byanti, madhyam\u0101, and vaikhar\u012b. <\/div><\/li>\n<li><a class=\"wp-block-latest-posts__post-title\" href=\"https:\/\/www.amrita.in\/lalita\/111\/%e0%b4%a6%e0%b5%87%e0%b4%b5%e0%b4%bf%e0%b4%af%e0%b5%81%e0%b4%9f%e0%b5%86-%e0%b4%aa%e0%b4%be%e0%b4%a6%e0%b4%a7%e0%b5%82%e0%b4%b3%e0%b4%bf-dust-of-devis-feet\/\">\u0d26\u0d47\u0d35\u0d3f\u0d2f\u0d41\u0d1f\u0d46 \u0d2a\u0d3e\u0d26\u0d27\u0d42\u0d33\u0d3f &#8211; Dust of Devi&#8217;s Feet<\/a><div class=\"wp-block-latest-posts__post-excerpt\">Creation, Maintenance, and Destruction are three of the divine attributes of the divine dust from the lotus feet of Devi.<\/div><\/li>\n<li><a class=\"wp-block-latest-posts__post-title\" href=\"https:\/\/www.amrita.in\/lalita\/106\/%e0%b4%aa%e0%b5%81%e0%b4%a3%e0%b5%8d%e0%b4%af%e0%b4%be%e0%b4%aa%e0%b5%81%e0%b4%a3%e0%b5%8d%e0%b4%af-%e0%b4%ab%e0%b4%b2%e0%b4%aa%e0%b5%8d%e0%b4%b0%e0%b4%a6%e0%b4%be-devi-dispenses-fruits-of-actions\/\">\u0d2a\u0d41\u0d23\u0d4d\u0d2f\u0d3e\u0d2a\u0d41\u0d23\u0d4d\u0d2f \u0d2b\u0d32\u0d2a\u0d4d\u0d30\u0d26\u0d3e &#8211; Devi Dispenses Fruits of Actions<\/a><div class=\"wp-block-latest-posts__post-excerpt\">When life is lived in obedience to Vedic dharma, happiness is gained. It leads to punya (merit gained by good deeds). <\/div><\/li>\n<li><a class=\"wp-block-latest-posts__post-title\" href=\"https:\/\/www.amrita.in\/lalita\/103\/%e0%b4%a6%e0%b5%87%e0%b4%b5%e0%b4%bf%e0%b4%af%e0%b5%81%e0%b4%9f%e0%b5%86-%e0%b4%86%e0%b4%9c%e0%b5%8d%e0%b4%9e%e0%b4%af%e0%b4%be%e0%b4%a3%e0%b5%8d-%e0%b4%b5%e0%b5%87%e0%b4%a6%e0%b4%99%e0%b5%8d%e0%b4%99\/\">\u0d26\u0d47\u0d35\u0d3f\u0d2f\u0d41\u0d1f\u0d46 \u0d06\u0d1c\u0d4d\u0d1e\u0d2f\u0d3e\u0d23\u0d4d \u0d35\u0d47\u0d26\u0d19\u0d4d\u0d19\u0d7e &#8211; Vedas are Divine Mother&#8217;s commands.<\/a><div class=\"wp-block-latest-posts__post-excerpt\">The Divine mother wants to follow the instructions in the Vedas. That is the command of the Divine Mother.<\/div><\/li>\n<li><a class=\"wp-block-latest-posts__post-title\" href=\"https:\/\/www.amrita.in\/lalita\/93\/%e0%b4%86%e0%b4%af%e0%b4%bf%e0%b4%b0%e0%b4%82-%e0%b4%aa%e0%b4%be%e0%b4%a6%e0%b4%99%e0%b5%8d%e0%b4%99%e0%b4%b3%e0%b5%81%e0%b4%b3%e0%b5%8d%e0%b4%b3%e0%b4%b5%e0%b5%be-one-who-has-a-thousand-feet\/\">\u0d06\u0d2f\u0d3f\u0d30\u0d02 \u0d2a\u0d3e\u0d26\u0d19\u0d4d\u0d19\u0d33\u0d41\u0d33\u0d4d\u0d33\u0d35\u0d7e &#8211; One who has a thousand feet.<\/a><div class=\"wp-block-latest-posts__post-excerpt\">A \u2018thousand\u2019 denotes the infinite nature of the lord. It does not mean just one thousand. It means that the earth is filled with, replete with the presence of God.<\/div><\/li>\n<li><a class=\"wp-block-latest-posts__post-title\" href=\"https:\/\/www.amrita.in\/lalita\/98\/%e0%b4%86%e0%b4%ac%e0%b5%8d%e0%b4%b0%e0%b4%b9%e0%b5%8d%e0%b4%ae%e0%b4%95%e0%b5%80%e0%b4%9f-%e0%b4%9c%e0%b4%a8%e0%b4%a8%e0%b5%80-divine-mother-is-the-mother-of-all\/\">\u0d06\u0d2c\u0d4d\u0d30\u0d39\u0d4d\u0d2e\u0d15\u0d40\u0d1f\u0d1c\u0d28\u0d28\u0d40    &#8211; Divine Mother is the mother of all<\/a><div class=\"wp-block-latest-posts__post-excerpt\">everybody must evolve in life performing their duties well. Everybody has a right to God-realization. She takes effort for uplifting all beings. <\/div><\/li>\n<li><a class=\"wp-block-latest-posts__post-title\" href=\"https:\/\/www.amrita.in\/lalita\/95\/%e0%b4%b5%e0%b5%bc%e0%b4%a3%e0%b5%8d%e0%b4%a3%e0%b4%be%e0%b4%b6%e0%b5%8d%e0%b4%b0%e0%b4%ae-%e0%b4%b5%e0%b4%bf%e0%b4%a7%e0%b4%be%e0%b4%af%e0%b4%bf%e0%b4%a8%e0%b4%bf-the-one-who-establishes-var\/\">\u0d35\u0d7c\u0d23\u0d4d\u0d23\u0d3e\u0d36\u0d4d\u0d30\u0d2e  \u0d35\u0d3f\u0d27\u0d3e\u0d2f\u0d3f\u0d28\u0d3f &#8211; The One who establishes Var\u1e47\u0101\u015brama<\/a><div class=\"wp-block-latest-posts__post-excerpt\">The four age-based life stages are Brahmacharya (Students), Grihastha (Householder) Vanaprastha (retired) Sanyasa (renunciation). Then we have the Athivarna (Who are beyond the four Varnas).<\/div><\/li>\n<li><a class=\"wp-block-latest-posts__post-title\" href=\"https:\/\/www.amrita.in\/lalita\/90\/%e0%b4%b8%e0%b5%83%e0%b4%b7%e0%b5%8d%e0%b4%9f%e0%b4%bf-%e0%b4%a6%e0%b5%83%e0%b4%b7%e0%b5%8d%e0%b4%9f%e0%b4%bf-%e0%b4%b5%e0%b4%be%e0%b4%a6%e0%b4%82-creation-and-dissolution-of-the-universe\/\">\u0d38\u0d43\u0d37\u0d4d\u0d1f\u0d3f \u0d26\u0d43\u0d37\u0d4d\u0d1f\u0d3f \u0d35\u0d3e\u0d26\u0d02  &#8211; Creation and Dissolution of the Universe<\/a><div class=\"wp-block-latest-posts__post-excerpt\">When Devi opens her eyes, the universe is created, and when She closes Her eyes the world dissolves. In Vedanta, it is called \u201cShrishti Drishti Vaadam\u201d. The universe is within us.<\/div><\/li>\n<li><a class=\"wp-block-latest-posts__post-title\" href=\"https:\/\/www.amrita.in\/lalita\/87\/%e0%b4%85%e0%b4%b5%e0%b4%b8%e0%b5%8d%e0%b4%a5%e0%b4%be-%e0%b4%a4%e0%b5%8d%e0%b4%b0%e0%b4%af-%e0%b4%b8%e0%b4%be%e0%b4%95%e0%b5%8d%e0%b4%b7%e0%b4%bf-devi-is-the-witness-to-the-three-states\/\">\u0d05\u0d35\u0d38\u0d4d\u0d25\u0d3e\u0d24\u0d4d\u0d30\u0d2f \u0d38\u0d3e\u0d15\u0d4d\u0d37\u0d3f &#8211;  Devi is the witness to the three states<\/a><div class=\"wp-block-latest-posts__post-excerpt\">The Pure Self is the witness to the Jagrat, Swapna, and Sushupti states.<\/div><\/li>\n<\/ul>","protected":false},"excerpt":{"rendered":"<p>Swami Sankaramritananda Puri is a monastic disciple of Amma, Satguru Sri Mata Amritanandamayi Devi. A Sanskrit scholar and an Ayurveda doctor by profession, Swami heads the School of Ayurveda of the Amrita University. He is explaining the mantras and meanings is a very simple lucid conveying the profound wisdom of this land. These episodes have [&hellip;]<\/p>\n","protected":false},"author":1,"featured_media":13,"parent":0,"menu_order":0,"comment_status":"closed","ping_status":"closed","template":"","meta":{"footnotes":""},"class_list":["post-2","page","type-page","status-publish","has-post-thumbnail","hentry"],"yoast_head":"<!-- This site is optimized with the Yoast SEO plugin v26.9 - https:\/\/yoast.com\/product\/yoast-seo-wordpress\/ -->\n<title>- Sri Lalita Sahasra Namam \u0d36\u0d4d\u0d30\u0d40 \u0d32\u0d33\u0d3f\u0d24\u0d3e \u0d38\u0d39\u0d38\u0d4d\u0d30 \u0d28\u0d3e\u0d2e\u0d02<\/title>\n<meta name=\"robots\" content=\"index, follow, max-snippet:-1, max-image-preview:large, max-video-preview:-1\" \/>\n<link rel=\"canonical\" href=\"https:\/\/www.amrita.in\/lalita\/\" \/>\n<meta property=\"og:locale\" content=\"en_US\" \/>\n<meta property=\"og:type\" content=\"article\" \/>\n<meta property=\"og:title\" content=\"- Sri Lalita Sahasra Namam \u0d36\u0d4d\u0d30\u0d40 \u0d32\u0d33\u0d3f\u0d24\u0d3e \u0d38\u0d39\u0d38\u0d4d\u0d30 \u0d28\u0d3e\u0d2e\u0d02\" \/>\n<meta property=\"og:description\" content=\"Swami Sankaramritananda Puri is a monastic disciple of Amma, Satguru Sri Mata Amritanandamayi Devi. A Sanskrit scholar and an Ayurveda doctor by profession, Swami heads the School of Ayurveda of the Amrita University. He is explaining the mantras and meanings is a very simple lucid conveying the profound wisdom of this land. These episodes have [&hellip;]\" \/>\n<meta property=\"og:url\" content=\"https:\/\/www.amrita.in\/lalita\/\" \/>\n<meta property=\"og:site_name\" content=\"Sri Lalita Sahasra Namam \u0d36\u0d4d\u0d30\u0d40 \u0d32\u0d33\u0d3f\u0d24\u0d3e \u0d38\u0d39\u0d38\u0d4d\u0d30 \u0d28\u0d3e\u0d2e\u0d02\" \/>\n<meta property=\"article:modified_time\" content=\"2020-07-29T10:44:54+00:00\" \/>\n<meta property=\"og:image\" content=\"https:\/\/www.amrita.in\/lalita\/files\/2020\/07\/ls-header.jpg\" \/>\n\t<meta property=\"og:image:width\" content=\"1200\" \/>\n\t<meta property=\"og:image:height\" content=\"462\" \/>\n\t<meta property=\"og:image:type\" content=\"image\/jpeg\" \/>\n<meta name=\"twitter:card\" content=\"summary_large_image\" \/>\n<script type=\"application\/ld+json\" class=\"yoast-schema-graph\">{\"@context\":\"https:\/\/schema.org\",\"@graph\":[{\"@type\":\"WebPage\",\"@id\":\"https:\/\/www.amrita.in\/lalita\/\",\"url\":\"https:\/\/www.amrita.in\/lalita\/\",\"name\":\"- Sri Lalita Sahasra Namam \u0d36\u0d4d\u0d30\u0d40 \u0d32\u0d33\u0d3f\u0d24\u0d3e \u0d38\u0d39\u0d38\u0d4d\u0d30 \u0d28\u0d3e\u0d2e\u0d02\",\"isPartOf\":{\"@id\":\"https:\/\/www.amrita.in\/lalita\/#website\"},\"primaryImageOfPage\":{\"@id\":\"https:\/\/www.amrita.in\/lalita\/#primaryimage\"},\"image\":{\"@id\":\"https:\/\/www.amrita.in\/lalita\/#primaryimage\"},\"thumbnailUrl\":\"https:\/\/www.amrita.in\/lalita\/files\/2020\/07\/ls-header.jpg\",\"datePublished\":\"2020-07-27T02:40:55+00:00\",\"dateModified\":\"2020-07-29T10:44:54+00:00\",\"inLanguage\":\"en-US\",\"potentialAction\":[{\"@type\":\"ReadAction\",\"target\":[\"https:\/\/www.amrita.in\/lalita\/\"]}]},{\"@type\":\"ImageObject\",\"inLanguage\":\"en-US\",\"@id\":\"https:\/\/www.amrita.in\/lalita\/#primaryimage\",\"url\":\"https:\/\/www.amrita.in\/lalita\/files\/2020\/07\/ls-header.jpg\",\"contentUrl\":\"https:\/\/www.amrita.in\/lalita\/files\/2020\/07\/ls-header.jpg\",\"width\":1200,\"height\":462},{\"@type\":\"WebSite\",\"@id\":\"https:\/\/www.amrita.in\/lalita\/#website\",\"url\":\"https:\/\/www.amrita.in\/lalita\/\",\"name\":\"Sri Lalita Sahasra Namam \u0d36\u0d4d\u0d30\u0d40 \u0d32\u0d33\u0d3f\u0d24\u0d3e \u0d38\u0d39\u0d38\u0d4d\u0d30 \u0d28\u0d3e\u0d2e\u0d02\",\"description\":\"\u0d36\u0d4d\u0d30\u0d40 \u0d32\u0d33\u0d3f\u0d24\u0d3e \u0d38\u0d39\u0d38\u0d4d\u0d30 \u0d28\u0d3e\u0d2e\u0d02 \u0d05\u0d7c\u0d24\u0d4d\u0d25\u0d35\u0d41\u0d02 \u0d35\u0d4d\u0d2f\u0d3e\u0d16\u0d4d\u0d2f\u0d3e\u0d28\u0d35\u0d41\u0d02 - \u0d38\u0d4d\u0d35\u0d3e\u0d2e\u0d3f \u0d36\u0d19\u0d4d\u0d15\u0d30\u0d3e\u0d2e\u0d43\u0d24\u0d3e\u0d28\u0d28\u0d4d\u0d26 \u0d2a\u0d41\u0d30\u0d3f\",\"potentialAction\":[{\"@type\":\"SearchAction\",\"target\":{\"@type\":\"EntryPoint\",\"urlTemplate\":\"https:\/\/www.amrita.in\/lalita\/?s={search_term_string}\"},\"query-input\":{\"@type\":\"PropertyValueSpecification\",\"valueRequired\":true,\"valueName\":\"search_term_string\"}}],\"inLanguage\":\"en-US\"}]}<\/script>\n<!-- \/ Yoast SEO plugin. -->","yoast_head_json":{"title":"- Sri Lalita Sahasra Namam \u0d36\u0d4d\u0d30\u0d40 \u0d32\u0d33\u0d3f\u0d24\u0d3e \u0d38\u0d39\u0d38\u0d4d\u0d30 \u0d28\u0d3e\u0d2e\u0d02","robots":{"index":"index","follow":"follow","max-snippet":"max-snippet:-1","max-image-preview":"max-image-preview:large","max-video-preview":"max-video-preview:-1"},"canonical":"https:\/\/www.amrita.in\/lalita\/","og_locale":"en_US","og_type":"article","og_title":"- Sri Lalita Sahasra Namam \u0d36\u0d4d\u0d30\u0d40 \u0d32\u0d33\u0d3f\u0d24\u0d3e \u0d38\u0d39\u0d38\u0d4d\u0d30 \u0d28\u0d3e\u0d2e\u0d02","og_description":"Swami Sankaramritananda Puri is a monastic disciple of Amma, Satguru Sri Mata Amritanandamayi Devi. A Sanskrit scholar and an Ayurveda doctor by profession, Swami heads the School of Ayurveda of the Amrita University. He is explaining the mantras and meanings is a very simple lucid conveying the profound wisdom of this land. These episodes have [&hellip;]","og_url":"https:\/\/www.amrita.in\/lalita\/","og_site_name":"Sri Lalita Sahasra Namam \u0d36\u0d4d\u0d30\u0d40 \u0d32\u0d33\u0d3f\u0d24\u0d3e \u0d38\u0d39\u0d38\u0d4d\u0d30 \u0d28\u0d3e\u0d2e\u0d02","article_modified_time":"2020-07-29T10:44:54+00:00","og_image":[{"width":1200,"height":462,"url":"https:\/\/www.amrita.in\/lalita\/files\/2020\/07\/ls-header.jpg","type":"image\/jpeg"}],"twitter_card":"summary_large_image","schema":{"@context":"https:\/\/schema.org","@graph":[{"@type":"WebPage","@id":"https:\/\/www.amrita.in\/lalita\/","url":"https:\/\/www.amrita.in\/lalita\/","name":"- Sri Lalita Sahasra Namam \u0d36\u0d4d\u0d30\u0d40 \u0d32\u0d33\u0d3f\u0d24\u0d3e \u0d38\u0d39\u0d38\u0d4d\u0d30 \u0d28\u0d3e\u0d2e\u0d02","isPartOf":{"@id":"https:\/\/www.amrita.in\/lalita\/#website"},"primaryImageOfPage":{"@id":"https:\/\/www.amrita.in\/lalita\/#primaryimage"},"image":{"@id":"https:\/\/www.amrita.in\/lalita\/#primaryimage"},"thumbnailUrl":"https:\/\/www.amrita.in\/lalita\/files\/2020\/07\/ls-header.jpg","datePublished":"2020-07-27T02:40:55+00:00","dateModified":"2020-07-29T10:44:54+00:00","inLanguage":"en-US","potentialAction":[{"@type":"ReadAction","target":["https:\/\/www.amrita.in\/lalita\/"]}]},{"@type":"ImageObject","inLanguage":"en-US","@id":"https:\/\/www.amrita.in\/lalita\/#primaryimage","url":"https:\/\/www.amrita.in\/lalita\/files\/2020\/07\/ls-header.jpg","contentUrl":"https:\/\/www.amrita.in\/lalita\/files\/2020\/07\/ls-header.jpg","width":1200,"height":462},{"@type":"WebSite","@id":"https:\/\/www.amrita.in\/lalita\/#website","url":"https:\/\/www.amrita.in\/lalita\/","name":"Sri Lalita Sahasra Namam \u0d36\u0d4d\u0d30\u0d40 \u0d32\u0d33\u0d3f\u0d24\u0d3e \u0d38\u0d39\u0d38\u0d4d\u0d30 \u0d28\u0d3e\u0d2e\u0d02","description":"\u0d36\u0d4d\u0d30\u0d40 \u0d32\u0d33\u0d3f\u0d24\u0d3e \u0d38\u0d39\u0d38\u0d4d\u0d30 \u0d28\u0d3e\u0d2e\u0d02 \u0d05\u0d7c\u0d24\u0d4d\u0d25\u0d35\u0d41\u0d02 \u0d35\u0d4d\u0d2f\u0d3e\u0d16\u0d4d\u0d2f\u0d3e\u0d28\u0d35\u0d41\u0d02 - \u0d38\u0d4d\u0d35\u0d3e\u0d2e\u0d3f \u0d36\u0d19\u0d4d\u0d15\u0d30\u0d3e\u0d2e\u0d43\u0d24\u0d3e\u0d28\u0d28\u0d4d\u0d26 \u0d2a\u0d41\u0d30\u0d3f","potentialAction":[{"@type":"SearchAction","target":{"@type":"EntryPoint","urlTemplate":"https:\/\/www.amrita.in\/lalita\/?s={search_term_string}"},"query-input":{"@type":"PropertyValueSpecification","valueRequired":true,"valueName":"search_term_string"}}],"inLanguage":"en-US"}]}},"_links":{"self":[{"href":"https:\/\/www.amrita.in\/lalita\/wp-json\/wp\/v2\/pages\/2","targetHints":{"allow":["GET"]}}],"collection":[{"href":"https:\/\/www.amrita.in\/lalita\/wp-json\/wp\/v2\/pages"}],"about":[{"href":"https:\/\/www.amrita.in\/lalita\/wp-json\/wp\/v2\/types\/page"}],"author":[{"embeddable":true,"href":"https:\/\/www.amrita.in\/lalita\/wp-json\/wp\/v2\/users\/1"}],"replies":[{"embeddable":true,"href":"https:\/\/www.amrita.in\/lalita\/wp-json\/wp\/v2\/comments?post=2"}],"version-history":[{"count":0,"href":"https:\/\/www.amrita.in\/lalita\/wp-json\/wp\/v2\/pages\/2\/revisions"}],"wp:featuredmedia":[{"embeddable":true,"href":"https:\/\/www.amrita.in\/lalita\/wp-json\/wp\/v2\/media\/13"}],"wp:attachment":[{"href":"https:\/\/www.amrita.in\/lalita\/wp-json\/wp\/v2\/media?parent=2"}],"curies":[{"name":"wp","href":"https:\/\/api.w.org\/{rel}","templated":true}]}}